{"id":21,"date":"2022-02-02T11:03:46","date_gmt":"2022-02-02T11:03:46","guid":{"rendered":"https:\/\/threephrase.com\/tr\/bizim-hakkimizda"},"modified":"2022-10-20T08:04:16","modified_gmt":"2022-10-20T08:04:16","slug":"bizim-hakkimizda","status":"publish","type":"page","link":"https:\/\/threephrase.com\/tr\/bizim-hakkimizda\/","title":{"rendered":"Bizim Hakk\u0131m\u0131zda"},"content":{"rendered":"<div class=\"site-content layout-fullwidth post-sidebar-disabled layout-narrow-enabled section-heading-default-style-1\">\n<div class=\"cs-container\">\n<div id=\"content\" class=\"main-content\">\n<div id=\"primary\" class=\"content-area\">\n<p style=\"text-align: center;\">Ak\u0131ll\u0131ca Al\u0131\u015fveri\u015f Yap\u0131n, Trend Olun, Yeni \u00d6\u011frenin<\/p>\n<p><a href=\"https:\/\/threephrase.com\/tr\"><em>Threephrase.com<\/em><\/a>, ya\u015fam tarz\u0131n\u0131z\u0131 trendlerde tutmakla ilgilidir. En iyi al\u0131\u015fveri\u015f ipu\u00e7lar\u0131n\u0131, <a href=\"https:\/\/threephrase.com\/tr\"><em><strong>moda giyim ve aksesuarlar\u0131nda<\/strong><\/em><\/a> olmazsa olmazlar\u0131, <a href=\"https:\/\/threephrase.com\/tr\"><em><strong>Ev ve Ya\u015fam<\/strong><\/em><\/a>,<a href=\"https:\/\/threephrase.com\/tr\"><em><strong> Elde ta\u015f\u0131n\u0131r cihazlar\u0131<\/strong> <\/em><\/a>ve bunlar\u0131 ya\u015fam tarz\u0131n\u0131zla nas\u0131l kullanaca\u011f\u0131n\u0131z\u0131 payla\u015fmay\u0131 ama\u00e7l\u0131yoruz. Basit ipu\u00e7lar\u0131m\u0131z ve fikirlerimizle her bireyin g\u00fcvenini ve ki\u015fili\u011fini y\u00fckseltmeyi ama\u00e7l\u0131yoruz.<\/p>\n<p><a href=\"https:\/\/threephrase.com\/tr\"><strong>Three Phrase<\/strong><\/a>, al\u0131\u015fveri\u015f trendleri ve ipu\u00e7lar\u0131 konusunda uzmanla\u015fm\u0131\u015f bir blog sitesidir. Online al\u0131\u015fveri\u015fte trend olana ve en iyi f\u0131rsatlar\u0131n nerede bulunaca\u011f\u0131na g\u00f6re erkek ve kad\u0131n moda stilini \u00f6ne \u00e7\u0131karmak. Ayr\u0131ca, her zaman elde etmek istedi\u011finiz g\u00f6r\u00fcn\u00fcmleri elde etmek i\u00e7in nas\u0131l giyinece\u011finiz ve aksesuarlarla ilgili blog makaleleri payla\u015faca\u011f\u0131z.<\/p>\n<p>Ne i\u00e7in bekliyorsun? Blog makalelerimizi bug\u00fcn okumaya ba\u015flay\u0131n ve ya\u015fam tarz\u0131n\u0131z\u0131 iyile\u015ftirmenize ve moda stilinizi daha \u00f6nce hi\u00e7 olmad\u0131\u011f\u0131 kadar y\u00fckseltmenize yard\u0131mc\u0131 olabilecek en iyi ipu\u00e7lar\u0131n\u0131 bulun. Ak\u0131ll\u0131ca al\u0131\u015fveri\u015f yap\u0131n ve yaln\u0131zca ihtiyac\u0131n\u0131z olan\u0131 sat\u0131n al\u0131n, ya\u015fam tarz\u0131n\u0131z\u0131 iyile\u015ftirmedeki ilk ad\u0131m\u0131n\u0131z, daha fazlas\u0131n\u0131 okumak, sosyal medyada ve ger\u00e7ek d\u00fcnyada en son trendlere ayak uydurmak i\u00e7in size yeni bilgiler ve fikirler kazand\u0131racak. Aynen b\u00f6yle devam!<\/p>\n<p>&nbsp;<\/p>\n<\/div>\n<\/div>\n<\/div>\n<\/div>\n<footer class=\"site-footer section-heading-default-style-1\">\n<div class=\"footer-section\">\n<div class=\"cs-container\">\n<div class=\"footer-info\"><\/div>\n<\/div>\n<\/div>\n<\/footer>\n<h3 id=\"\" style=\"text-align: center;\"><\/h3>\n","protected":false},"excerpt":{"rendered":"<p>Ak\u0131ll\u0131ca Al\u0131\u015fveri\u015f Yap\u0131n, Trend Olun, Yeni \u00d6\u011frenin Threephrase.com, ya\u015fam tarz\u0131n\u0131z\u0131 trendlerde tutmakla ilgilidir. En iyi al\u0131\u015fveri\u015f ipu\u00e7lar\u0131n\u0131, moda giyim ve aksesuarlar\u0131nda olmazsa olmazlar\u0131, Ev ve Ya\u015fam, Elde ta\u015f\u0131n\u0131r cihazlar\u0131 ve&hellip;<\/p>\n","protected":false},"author":1,"featured_media":0,"parent":0,"menu_order":0,"comment_status":"closed","ping_status":"closed","template":"","meta":{"footnotes":""},"class_list":["post-21","page","type-page","status-publish"],"_links":{"self":[{"href":"https:\/\/threephrase.com\/tr\/wp-json\/wp\/v2\/pages\/21","targetHints":{"allow":["GET"]}}],"collection":[{"href":"https:\/\/threephrase.com\/tr\/wp-json\/wp\/v2\/pages"}],"about":[{"href":"https:\/\/threephrase.com\/tr\/wp-json\/wp\/v2\/types\/page"}],"author":[{"embeddable":true,"href":"https:\/\/threephrase.com\/tr\/wp-json\/wp\/v2\/users\/1"}],"replies":[{"embeddable":true,"href":"https:\/\/threephrase.com\/tr\/wp-json\/wp\/v2\/comments?post=21"}],"version-history":[{"count":6,"href":"https:\/\/threephrase.com\/tr\/wp-json\/wp\/v2\/pages\/21\/revisions"}],"predecessor-version":[{"id":424,"href":"https:\/\/threephrase.com\/tr\/wp-json\/wp\/v2\/pages\/21\/revisions\/424"}],"wp:attachment":[{"href":"https:\/\/threephrase.com\/tr\/wp-json\/wp\/v2\/media?parent=21"}],"curies":[{"name":"wp","href":"https:\/\/api.w.org\/{rel}","templated":true}]}}