{"id":21,"date":"2022-02-02T11:03:46","date_gmt":"2022-02-02T11:03:46","guid":{"rendered":"https:\/\/threephrase.com\/?page_id=21"},"modified":"2022-10-23T10:00:29","modified_gmt":"2022-10-23T10:00:29","slug":"about-us","status":"publish","type":"page","link":"https:\/\/threephrase.com\/pl\/about-us\/","title":{"rendered":"O nas"},"content":{"rendered":"<blockquote><p>Kupuj m\u0105drze, b\u0105d\u017a trendy, ucz si\u0119 nowego<\/p><\/blockquote>\n<p><a href=\"https:\/\/threephrase.com\/\"><em>Threephrase.com<\/em><\/a> polega na utrzymywaniu stylu \u017cycia zgodnie z trendami. Naszym celem jest dzielenie si\u0119 najlepszymi wskaz\u00f3wkami dotycz\u0105cymi zakup\u00f3w, niezb\u0119dnymi produktami w modowej odzie\u017cy i akcesoriach, domem i mieszkaniem, gad\u017cetami podr\u0119cznymi oraz sposobami ich wykorzystania w swoim stylu \u017cycia. Naszym celem jest podniesienie pewno\u015bci siebie i osobowo\u015bci ka\u017cdej osoby dzi\u0119ki naszym prostym wskaz\u00f3wkom i pomys\u0142om.<\/p>\n<p><a href=\"https:\/\/threephrase.com\/\"><strong>ThreePhrase<\/strong> <\/a>to strona blogowa specjalizuj\u0105ca si\u0119 w trendach i poradach zakupowych. Podkre\u015blanie stylu mody m\u0119skiej i damskiej zgodnie z trendami w zakupach online i gdzie znale\u017a\u0107 najlepsze oferty. B\u0119dziemy r\u00f3wnie\u017c dzieli\u0107 si\u0119 artyku\u0142ami na blogu o tym, jak si\u0119 ubiera\u0107 i ozdabia\u0107, aby uzyska\u0107 wygl\u0105d, kt\u00f3ry zawsze chcia\u0142e\u015b osi\u0105gn\u0105\u0107.<\/p>\n<p>Na co czekasz? Ju\u017c dzi\u015b zacznij czyta\u0107 nasze artyku\u0142y na blogu i znajd\u017a najlepsze wskaz\u00f3wki, kt\u00f3re mog\u0105 pom\u00f3c Ci ulepszy\u0107 Tw\u00f3j styl \u017cycia i ulepszy\u0107 styl modowy jak nigdy dot\u0105d. Zakupy m\u0105drze i kupuj tylko to, czego potrzebujesz, to pierwszy krok do poprawy stylu \u017cycia. Czytaj\u0105c wi\u0119cej, zdob\u0119dziesz now\u0105 wiedz\u0119 i pomys\u0142y, aby by\u0107 na bie\u017c\u0105co z najnowszymi trendami zar\u00f3wno w mediach spo\u0142eczno\u015bciowych, jak i w realnym \u015bwiecie. Tak trzymaj!<\/p>\n","protected":false},"excerpt":{"rendered":"<p>Kupuj m\u0105drze, b\u0105d\u017a trendy, ucz si\u0119 nowego Threephrase.com polega na utrzymywaniu stylu \u017cycia zgodnie z trendami. Naszym celem jest dzielenie si\u0119 najlepszymi wskaz\u00f3wkami dotycz\u0105cymi zakup\u00f3w, niezb\u0119dnymi produktami w modowej odzie\u017cy&hellip;<\/p>\n","protected":false},"author":1,"featured_media":0,"parent":0,"menu_order":0,"comment_status":"closed","ping_status":"closed","template":"","meta":{"footnotes":""},"class_list":["post-21","page","type-page","status-publish"],"_links":{"self":[{"href":"https:\/\/threephrase.com\/pl\/wp-json\/wp\/v2\/pages\/21","targetHints":{"allow":["GET"]}}],"collection":[{"href":"https:\/\/threephrase.com\/pl\/wp-json\/wp\/v2\/pages"}],"about":[{"href":"https:\/\/threephrase.com\/pl\/wp-json\/wp\/v2\/types\/page"}],"author":[{"embeddable":true,"href":"https:\/\/threephrase.com\/pl\/wp-json\/wp\/v2\/users\/1"}],"replies":[{"embeddable":true,"href":"https:\/\/threephrase.com\/pl\/wp-json\/wp\/v2\/comments?post=21"}],"version-history":[{"count":3,"href":"https:\/\/threephrase.com\/pl\/wp-json\/wp\/v2\/pages\/21\/revisions"}],"predecessor-version":[{"id":496,"href":"https:\/\/threephrase.com\/pl\/wp-json\/wp\/v2\/pages\/21\/revisions\/496"}],"wp:attachment":[{"href":"https:\/\/threephrase.com\/pl\/wp-json\/wp\/v2\/media?parent=21"}],"curies":[{"name":"wp","href":"https:\/\/api.w.org\/{rel}","templated":true}]}}