{"id":21,"date":"2022-02-02T11:03:46","date_gmt":"2022-02-02T11:03:46","guid":{"rendered":"https:\/\/threephrase.com\/fr\/a-propos-de-nous"},"modified":"2022-10-20T13:11:27","modified_gmt":"2022-10-20T13:11:27","slug":"a-propos-de-nous","status":"publish","type":"page","link":"https:\/\/threephrase.com\/fr\/a-propos-de-nous\/","title":{"rendered":"\u00c0 Propos de Nous"},"content":{"rendered":"<blockquote><p>Achetez intelligemment, soyez \u00e0 la mode, apprenez de nouvelles<\/p><\/blockquote>\n<p><a href=\"https:\/\/threephrase.com\/fr\"><em>Threephrase.com<\/em><\/a> vise \u00e0 maintenir votre style de vie \u00e0 la mode. Notre objectif est de partager <a href=\"https:\/\/threephrase.com\/fr\"><em>les meilleurs conseils d&#8217;achat<\/em><\/a>, <a href=\"https:\/\/threephrase.com\/fr\"><em>les v\u00eatement<\/em>s et accessoires de mode incontournables<\/a>, <a href=\"https:\/\/threephrase.com\/fr\">la maison et la vie<\/a>, <a href=\"https:\/\/threephrase.com\/fr\"><em>les ordinateurs de poche et commen<\/em><\/a>t les utiliser avec votre style de vie. Nous visons \u00e0 accro\u00eetre la confiance et la personnalit\u00e9 de chaque individu gr\u00e2ce \u00e0 nos conseils et id\u00e9es simples.<\/p>\n<p><a href=\"https:\/\/threephrase.com\/fr\"><strong>Three Phrase<\/strong><\/a> est un site de blog sp\u00e9cialis\u00e9 dans les tendances d&#8217;achat et les bons plans. Pr\u00e9sentez des styles de mode pour hommes et femmes en fonction des tendances d&#8217;achat en ligne et o\u00f9 trouver les meilleures offres. Nous partagerons \u00e9galement des articles de blog sur la fa\u00e7on de s&#8217;habiller et d&#8217;accessoiriser pour obtenir le look dont vous avez toujours r\u00eav\u00e9.<\/p>\n<p>Qu&#8217;est-ce que tu attends? Commencez \u00e0 lire nos articles de blog d\u00e8s aujourd&#8217;hui et d\u00e9couvrez les meilleurs conseils qui peuvent vous aider \u00e0 am\u00e9liorer votre style de vie et \u00e0 \u00e9lever votre style de mode comme jamais auparavant. Achetez judicieusement et n&#8217;achetez que ce dont vous avez besoin, votre premi\u00e8re \u00e9tape pour am\u00e9liorer votre style de vie, vous donnant de nouvelles perspectives et id\u00e9es pour en savoir plus et suivre les derni\u00e8res tendances sur les r\u00e9seaux sociaux et dans le monde r\u00e9el. Continuez comme \u00e7a!<\/p>\n","protected":false},"excerpt":{"rendered":"<p>Achetez intelligemment, soyez \u00e0 la mode, apprenez de nouvelles Threephrase.com vise \u00e0 maintenir votre style de vie \u00e0 la mode. Notre objectif est de partager les meilleurs conseils d&#8217;achat, les&hellip;<\/p>\n","protected":false},"author":1,"featured_media":0,"parent":0,"menu_order":0,"comment_status":"closed","ping_status":"closed","template":"","meta":{"footnotes":""},"class_list":["post-21","page","type-page","status-publish"],"_links":{"self":[{"href":"https:\/\/threephrase.com\/fr\/wp-json\/wp\/v2\/pages\/21","targetHints":{"allow":["GET"]}}],"collection":[{"href":"https:\/\/threephrase.com\/fr\/wp-json\/wp\/v2\/pages"}],"about":[{"href":"https:\/\/threephrase.com\/fr\/wp-json\/wp\/v2\/types\/page"}],"author":[{"embeddable":true,"href":"https:\/\/threephrase.com\/fr\/wp-json\/wp\/v2\/users\/1"}],"replies":[{"embeddable":true,"href":"https:\/\/threephrase.com\/fr\/wp-json\/wp\/v2\/comments?post=21"}],"version-history":[{"count":7,"href":"https:\/\/threephrase.com\/fr\/wp-json\/wp\/v2\/pages\/21\/revisions"}],"predecessor-version":[{"id":435,"href":"https:\/\/threephrase.com\/fr\/wp-json\/wp\/v2\/pages\/21\/revisions\/435"}],"wp:attachment":[{"href":"https:\/\/threephrase.com\/fr\/wp-json\/wp\/v2\/media?parent=21"}],"curies":[{"name":"wp","href":"https:\/\/api.w.org\/{rel}","templated":true}]}}