{"id":21,"date":"2022-02-02T11:03:46","date_gmt":"2022-02-02T11:03:46","guid":{"rendered":"https:\/\/threephrase.com\/es\/sobre-nosotros"},"modified":"2022-10-20T13:30:21","modified_gmt":"2022-10-20T13:30:21","slug":"sobre-nosotros","status":"publish","type":"page","link":"https:\/\/threephrase.com\/es\/sobre-nosotros\/","title":{"rendered":"Sobre Nosotros"},"content":{"rendered":"<blockquote><p>Compre inteligentemente, est\u00e9 a la moda, aprenda cosas nuevas<\/p><\/blockquote>\n<p><a href=\"https:\/\/threephrase.com\/es\/\"><em>Threephrase.com<\/em><\/a> tiene como objetivo mantener su estilo de vida a la moda. Nuestro objetivo es compartir <a href=\"https:\/\/threephrase.com\/es\/\"><strong><em>los mejores consejos de compras<\/em><\/strong><\/a>, <a href=\"https:\/\/threephrase.com\/es\/\"><em><strong>ropa y accesorios de moda imprescindibles<\/strong><\/em><\/a>, <a href=\"https:\/\/threephrase.com\/es\/\"><em><strong>hogar y vida<\/strong><\/em><\/a>, <em><a href=\"https:\/\/threephrase.com\/es\/\"><strong>dispositivos port\u00e1tiles y c\u00f3mo usarlos con tu estilo de vida<\/strong><\/a><\/em>. Nuestro objetivo es aumentar la confianza y la personalidad de cada individuo con nuestros sencillos consejos e ideas.<\/p>\n<p><a href=\"https:\/\/threephrase.com\/es\/\"><strong>Three Phrase<\/strong><\/a> es un sitio de blogs que se especializa en tendencias y consejos de compras. Muestra estilos de moda para hombres y mujeres seg\u00fan las tendencias de compra en l\u00ednea y d\u00f3nde encontrar las mejores ofertas. Tambi\u00e9n compartiremos publicaciones de blog sobre c\u00f3mo vestirse y usar accesorios para obtener el aspecto que siempre ha deseado.<\/p>\n<p>\u00bfQue estas esperando? Comience a leer las publicaciones de nuestro blog hoy y encuentre los mejores consejos que pueden ayudarlo a mejorar su estilo de vida y elevar su estilo de moda como nunca antes. Compre sabiamente y solo compre lo que necesita, su primer paso para mejorar su estilo de vida, brind\u00e1ndole nuevas perspectivas e ideas para obtener m\u00e1s informaci\u00f3n y seguir las \u00faltimas tendencias en las redes sociales y en el mundo real. \u00a1Sigue as\u00ed!<\/p>\n","protected":false},"excerpt":{"rendered":"<p>Compre inteligentemente, est\u00e9 a la moda, aprenda cosas nuevas Threephrase.com tiene como objetivo mantener su estilo de vida a la moda. Nuestro objetivo es compartir los mejores consejos de compras,&hellip;<\/p>\n","protected":false},"author":1,"featured_media":0,"parent":0,"menu_order":0,"comment_status":"closed","ping_status":"closed","template":"","meta":{"footnotes":""},"class_list":["post-21","page","type-page","status-publish"],"_links":{"self":[{"href":"https:\/\/threephrase.com\/es\/wp-json\/wp\/v2\/pages\/21","targetHints":{"allow":["GET"]}}],"collection":[{"href":"https:\/\/threephrase.com\/es\/wp-json\/wp\/v2\/pages"}],"about":[{"href":"https:\/\/threephrase.com\/es\/wp-json\/wp\/v2\/types\/page"}],"author":[{"embeddable":true,"href":"https:\/\/threephrase.com\/es\/wp-json\/wp\/v2\/users\/1"}],"replies":[{"embeddable":true,"href":"https:\/\/threephrase.com\/es\/wp-json\/wp\/v2\/comments?post=21"}],"version-history":[{"count":5,"href":"https:\/\/threephrase.com\/es\/wp-json\/wp\/v2\/pages\/21\/revisions"}],"predecessor-version":[{"id":419,"href":"https:\/\/threephrase.com\/es\/wp-json\/wp\/v2\/pages\/21\/revisions\/419"}],"wp:attachment":[{"href":"https:\/\/threephrase.com\/es\/wp-json\/wp\/v2\/media?parent=21"}],"curies":[{"name":"wp","href":"https:\/\/api.w.org\/{rel}","templated":true}]}}