{"id":21,"date":"2022-02-02T11:03:46","date_gmt":"2022-02-02T11:03:46","guid":{"rendered":"https:\/\/threephrase.com\/de\/uber-uns"},"modified":"2022-10-20T14:30:47","modified_gmt":"2022-10-20T14:30:47","slug":"uber-uns","status":"publish","type":"page","link":"https:\/\/threephrase.com\/de\/uber-uns\/","title":{"rendered":"\u00dcber uns"},"content":{"rendered":"<blockquote><p>Smart shoppen, trendy sein, Neues lernen<\/p><\/blockquote>\n<p><a href=\"https:\/\/threephrase.com\/de\/\"><em>Threephrase.com<\/em><\/a> zielt darauf ab, Ihren modischen Lebensstil beizubehalten. Unser Ziel ist es, die besten <a href=\"https:\/\/threephrase.com\/de\/\"><em>Shopping-Tipps<\/em><\/a>, <a href=\"https:\/\/threephrase.com\/de\/\"><em>modische Kleidung und Accessoires<\/em><\/a>, <a href=\"https:\/\/threephrase.com\/de\/\"><em>die man haben muss<\/em><\/a>, <a href=\"https:\/\/threephrase.com\/de\/\"><em>Heim und Leben<\/em><\/a>, <a href=\"https:\/\/threephrase.com\/de\/\"><em>Handhelds und wie man sie mit Ihrem Lebensstil verwendet<\/em><\/a>, zu teilen. Mit unseren einfachen Tipps und Ideen m\u00f6chten wir das Selbstbewusstsein und die Pers\u00f6nlichkeit jedes Einzelnen st\u00e4rken.<\/p>\n<p><a href=\"https:\/\/threephrase.com\/de\/\"><strong>Three Phras<\/strong><\/a>e ist eine Blog-Site, die sich auf Einkaufstrends und -tipps spezialisiert hat. Pr\u00e4sentieren Sie Modestile f\u00fcr M\u00e4nner und Frauen basierend auf Online-Shopping-Trends und wo Sie die besten Angebote finden. Wir werden auch Blogbeitr\u00e4ge dar\u00fcber teilen, wie man sich kleidet und Accessoires herstellt, um den Look zu bekommen, den man sich schon immer gew\u00fcnscht hat.<\/p>\n<p>Worauf wartest du? Beginnen Sie noch heute mit dem Lesen unserer Blog-Beitr\u00e4ge und finden Sie die besten Tipps, die Ihnen helfen k\u00f6nnen, Ihren Lebensstil zu verbessern und Ihren Modestil wie nie zuvor zu verbessern. Kaufen Sie klug ein und kaufen Sie nur das, was Sie brauchen. Dies ist Ihr erster Schritt zur Verbesserung Ihres Lebensstils, der Ihnen neue Perspektiven und Ideen gibt, um mehr zu erfahren und die neuesten Trends in den sozialen Medien und in der realen Welt zu verfolgen. Weiter so!<\/p>\n","protected":false},"excerpt":{"rendered":"<p>Smart shoppen, trendy sein, Neues lernen Threephrase.com zielt darauf ab, Ihren modischen Lebensstil beizubehalten. Unser Ziel ist es, die besten Shopping-Tipps, modische Kleidung und Accessoires, die man haben muss, Heim&hellip;<\/p>\n","protected":false},"author":1,"featured_media":0,"parent":0,"menu_order":0,"comment_status":"closed","ping_status":"closed","template":"","meta":{"footnotes":""},"class_list":["post-21","page","type-page","status-publish"],"_links":{"self":[{"href":"https:\/\/threephrase.com\/de\/wp-json\/wp\/v2\/pages\/21","targetHints":{"allow":["GET"]}}],"collection":[{"href":"https:\/\/threephrase.com\/de\/wp-json\/wp\/v2\/pages"}],"about":[{"href":"https:\/\/threephrase.com\/de\/wp-json\/wp\/v2\/types\/page"}],"author":[{"embeddable":true,"href":"https:\/\/threephrase.com\/de\/wp-json\/wp\/v2\/users\/1"}],"replies":[{"embeddable":true,"href":"https:\/\/threephrase.com\/de\/wp-json\/wp\/v2\/comments?post=21"}],"version-history":[{"count":3,"href":"https:\/\/threephrase.com\/de\/wp-json\/wp\/v2\/pages\/21\/revisions"}],"predecessor-version":[{"id":443,"href":"https:\/\/threephrase.com\/de\/wp-json\/wp\/v2\/pages\/21\/revisions\/443"}],"wp:attachment":[{"href":"https:\/\/threephrase.com\/de\/wp-json\/wp\/v2\/media?parent=21"}],"curies":[{"name":"wp","href":"https:\/\/api.w.org\/{rel}","templated":true}]}}