{"id":21,"date":"2022-02-02T11:03:46","date_gmt":"2022-02-02T11:03:46","guid":{"rendered":"https:\/\/threephrase.com\/br\/sobre-nos"},"modified":"2022-10-20T07:40:43","modified_gmt":"2022-10-20T07:40:43","slug":"sobre-nos","status":"publish","type":"page","link":"https:\/\/threephrase.com\/br\/sobre-nos\/","title":{"rendered":"Sobre N\u00f3s"},"content":{"rendered":"<blockquote><p>Compre com intelig\u00eancia, Esteja na moda, Aprenda novo<\/p><\/blockquote>\n<p><a href=\"http:\/\/threephrase.com\/br\/\"><em>Threephrase.com<\/em><\/a> tem tudo a ver com manter seu estilo de vida nas tend\u00eancias. Nosso objetivo \u00e9 compartilhar as<em><strong> melhores dicas de compras<\/strong><\/em>, itens indispens\u00e1veis \u200b\u200bem <em><strong>roupas e acess\u00f3rios de moda<\/strong><\/em>, <em><strong>casa e vida<\/strong><\/em>, <em><strong>gadgets port\u00e1teis<\/strong> <\/em>e como <em><strong>utiliz\u00e1-los em seu estilo de vida<\/strong><\/em>. Nosso objetivo \u00e9 elevar a confian\u00e7a e a personalidade de cada indiv\u00edduo com nossas dicas e ideias simples.<\/p>\n<p><a href=\"http:\/\/threephrase.com\/br\/\"><strong>Three Phrase<\/strong><\/a> \u00e9 um site de blog especializado em tend\u00eancias e dicas de compras. Destacando o estilo de moda masculina e feminina de acordo com o que \u00e9 tend\u00eancia nas compras online e onde encontrar as melhores ofertas. Tamb\u00e9m compartilharemos artigos do blog sobre como se vestir e acess\u00f3rios para alcan\u00e7ar a apar\u00eancia que voc\u00ea sempre quis alcan\u00e7ar.<\/p>\n<p>O que voc\u00ea est\u00e1 esperando? Comece a ler nossos artigos do blog hoje e encontre as melhores dicas que podem ajudar voc\u00ea a melhorar seu estilo de vida e elevar seu estilo de moda como nunca antes. Comprar de forma inteligente e comprar apenas o que voc\u00ea precisa \u00e9 o primeiro passo para melhorar seu estilo de vida, Ler mais lhe dar\u00e1 novos conhecimentos e ideias para acompanhar as \u00faltimas tend\u00eancias, seja nas m\u00eddias sociais e no mundo real. Mantem!<\/p>\n","protected":false},"excerpt":{"rendered":"<p>Compre com intelig\u00eancia, Esteja na moda, Aprenda novo Threephrase.com tem tudo a ver com manter seu estilo de vida nas tend\u00eancias. Nosso objetivo \u00e9 compartilhar as melhores dicas de compras,&hellip;<\/p>\n","protected":false},"author":1,"featured_media":0,"parent":0,"menu_order":0,"comment_status":"closed","ping_status":"closed","template":"","meta":{"footnotes":""},"class_list":["post-21","page","type-page","status-publish"],"_links":{"self":[{"href":"https:\/\/threephrase.com\/br\/wp-json\/wp\/v2\/pages\/21","targetHints":{"allow":["GET"]}}],"collection":[{"href":"https:\/\/threephrase.com\/br\/wp-json\/wp\/v2\/pages"}],"about":[{"href":"https:\/\/threephrase.com\/br\/wp-json\/wp\/v2\/types\/page"}],"author":[{"embeddable":true,"href":"https:\/\/threephrase.com\/br\/wp-json\/wp\/v2\/users\/1"}],"replies":[{"embeddable":true,"href":"https:\/\/threephrase.com\/br\/wp-json\/wp\/v2\/comments?post=21"}],"version-history":[{"count":7,"href":"https:\/\/threephrase.com\/br\/wp-json\/wp\/v2\/pages\/21\/revisions"}],"predecessor-version":[{"id":598,"href":"https:\/\/threephrase.com\/br\/wp-json\/wp\/v2\/pages\/21\/revisions\/598"}],"wp:attachment":[{"href":"https:\/\/threephrase.com\/br\/wp-json\/wp\/v2\/media?parent=21"}],"curies":[{"name":"wp","href":"https:\/\/api.w.org\/{rel}","templated":true}]}}